{"id":5,"date":"2023-06-13T08:18:15","date_gmt":"2023-06-13T08:18:15","guid":{"rendered":"https:\/\/renta-e-bike.si\/live-the-life-you-deserve\/"},"modified":"2023-07-12T17:42:52","modified_gmt":"2023-07-12T17:42:52","slug":"live-the-life-you-deserve","status":"publish","type":"page","link":"https:\/\/renta-e-bike.si\/si\/","title":{"rendered":"Izposoja koles na slovenski obali"},"content":{"rendered":"<section class=\"gb-block-post-grid featuredpost alignfull margin-overlay\"><div class=\"gb-post-grid-items is-grid columns-2\"><article id=\"post-20\" class=\"gb-post-grid-item post-20 post type-post status-publish format-standard has-post-thumbnail category-uncategorized entry\"><div class=\"gb-block-post-grid-image\"><a href=\"https:\/\/renta-e-bike.si\/si\/e-bike-rental\/\" rel=\"bookmark\" aria-hidden=\"true\" tabindex=\"-1\"><img loading=\"lazy\" decoding=\"async\" width=\"800\" height=\"400\" src=\"https:\/\/renta-e-bike.si\/si\/wp-content\/uploads\/2023\/06\/ebike1-800x400.jpg\" class=\"attachment-featured-image size-featured-image\" alt=\"\" srcset=\"https:\/\/renta-e-bike.si\/si\/wp-content\/uploads\/2023\/06\/ebike1-800x400.jpg 800w, https:\/\/renta-e-bike.si\/si\/wp-content\/uploads\/2023\/06\/ebike1-1600x800.jpg 1600w\" sizes=\"auto, (max-width: 800px) 100vw, 800px\" \/><\/a><\/div><div class=\"gb-block-post-grid-text\"><header class=\"gb-block-post-grid-header\"><h2 class=\"gb-block-post-grid-title\"><a href=\"https:\/\/renta-e-bike.si\/si\/e-bike-rental\/\" rel=\"bookmark\">Izposoja E-Koles<\/a><\/h2><div class=\"gb-block-post-grid-byline\"><div class=\"gb-block-post-grid-author\" itemprop=\"author\" itemtype=\"https:\/\/schema.org\/Person\"><a class=\"gb-text-link\" href=\"https:\/\/renta-e-bike.si\/si\/author\/admin\/\" itemprop=\"url\" rel=\"author\"><span itemprop=\"name\">admin<\/span><\/a><\/div><time datetime=\"2023-06-13T08:18:19+00:00\" class=\"gb-block-post-grid-date\" itemprop=\"datePublished\">June 13, 2023<\/time><\/div><\/header><div class=\"gb-block-post-grid-excerpt\"><p>Nudimo izposojo novih e-koles na slovenski obali, na vseh na\u0161ih lokacijah. Cene: 3 ure &#8211; 30&hellip;<\/p>\n<p><a class=\"gb-block-post-grid-more-link gb-text-link\" href=\"https:\/\/renta-e-bike.si\/si\/e-bike-rental\/\" rel=\"bookmark\">Continue Reading <span class=\"screen-reader-text\">Izposoja E-Koles<\/span><\/a><\/p><\/div><\/div><\/article>\n<article id=\"post-18\" class=\"gb-post-grid-item post-18 post type-post status-publish format-standard has-post-thumbnail category-uncategorized entry\"><div class=\"gb-block-post-grid-image\"><a href=\"https:\/\/renta-e-bike.si\/si\/mtb-city-bike-izposoja\/\" rel=\"bookmark\" aria-hidden=\"true\" tabindex=\"-1\"><img loading=\"lazy\" decoding=\"async\" width=\"800\" height=\"400\" src=\"https:\/\/renta-e-bike.si\/si\/wp-content\/uploads\/2023\/06\/city-bike-1-800x400.jpg\" class=\"attachment-featured-image size-featured-image\" alt=\"\" srcset=\"https:\/\/renta-e-bike.si\/si\/wp-content\/uploads\/2023\/06\/city-bike-1-800x400.jpg 800w, https:\/\/renta-e-bike.si\/si\/wp-content\/uploads\/2023\/06\/city-bike-1-1600x800.jpg 1600w\" sizes=\"auto, (max-width: 800px) 100vw, 800px\" \/><\/a><\/div><div class=\"gb-block-post-grid-text\"><header class=\"gb-block-post-grid-header\"><h2 class=\"gb-block-post-grid-title\"><a href=\"https:\/\/renta-e-bike.si\/si\/mtb-city-bike-izposoja\/\" rel=\"bookmark\">Izposoja MTB \/ City Koles<\/a><\/h2><div class=\"gb-block-post-grid-byline\"><div class=\"gb-block-post-grid-author\" itemprop=\"author\" itemtype=\"https:\/\/schema.org\/Person\"><a class=\"gb-text-link\" href=\"https:\/\/renta-e-bike.si\/si\/author\/admin\/\" itemprop=\"url\" rel=\"author\"><span itemprop=\"name\">admin<\/span><\/a><\/div><time datetime=\"2023-06-13T08:18:19+00:00\" class=\"gb-block-post-grid-date\" itemprop=\"datePublished\">June 13, 2023<\/time><\/div><\/header><div class=\"gb-block-post-grid-excerpt\"><p>Ponujamo izposojo MTB in City koles. Cene: 3 ure &#8211; 15 EUR 5 ur &#8211; 20&hellip;<\/p>\n<p><a class=\"gb-block-post-grid-more-link gb-text-link\" href=\"https:\/\/renta-e-bike.si\/si\/mtb-city-bike-izposoja\/\" rel=\"bookmark\">Continue Reading <span class=\"screen-reader-text\">Izposoja MTB \/ City Koles<\/span><\/a><\/p><\/div><\/div><\/article>\n<\/div><\/section>\n\n\n\n\n<div class=\"wp-block-genesis-blocks-gb-container gb-block-container alignfull\"><div class=\"gb-container-inside\"><div class=\"gb-container-content\">\n<div class=\"wp-block-buttons is-style-divider-button is-horizontal is-content-justification-center is-layout-flex wp-container-core-buttons-is-layout-499968f5 wp-block-buttons-is-layout-flex\">\n<div class=\"wp-block-button is-style-outline is-style-outline--1\"><a class=\"wp-block-button__link has-text-color wp-element-button\" href=\"#\" style=\"color:#777777\">Read More Posts<\/a><\/div>\n<\/div>\n<\/div><\/div><\/div>\n\n\n\n<div style=\"background-color:#ffffff;padding-left:20%;padding-right:20%;padding-bottom:15%;padding-top:10%;margin-top:12%;margin-bottom:10%\" class=\"wp-block-genesis-blocks-gb-container box-shadow gb-block-container alignfull\"><div class=\"gb-container-inside\"><div class=\"gb-container-content\" style=\"max-width:1600px\">\n<h2 class=\"wp-block-heading has-text-align-center\" id=\"newsletter\">Razi\u0161\u010dite Piran, Portoro\u017e, Izolo in celotno slovensko obalo<\/h2>\n\n\n\n<p class=\"has-text-align-center\">Na izposojo nudimo moderna in dobro vzdr\u017eevana kolesa. Imamo tudi \u010delade, otro\u0161ka kolesa, ter nudimo popravilo koles. Kontaktirajte nas za povpra\u0161evanje ali rezervacijo. Na\u0161a glavna to\u010dka je na Bernardinu (med Portoro\u017eem in Piranom). <\/p>\n\n\n\n<div style=\"text-align:center\" class=\"wp-block-genesis-blocks-gb-cta gb-block-cta\"><div class=\"gb-cta-content\"><h2 class=\"gb-cta-title gb-font-size-32\" style=\"color:#32373c\">Kontaktirajte nas na WhatsApp-u<\/h2><div class=\"gb-cta-text gb-font-size-32\" style=\"color:#32373c\"><p>Za rezervacije in info:<\/p><\/div><\/div><div class=\"gb-cta-button\"><a href=\"https:\/\/wa.me\/38670111112?text=Pozdravljeni.%20Zanima%20me%20izposoja%20kolesa.%20Mi%20lahko%20poveste%20vec%3F\" target=\"_self\" rel=\"noopener noreferrer\" class=\"gb-button gb-button-shape-rounded gb-button-size-medium\" style=\"color:#ffffff;background-color:#3373dc\">KONTAKT<\/a><\/div><\/div>\n\n\n\n<figure class=\"wp-block-image size-large\"><img loading=\"lazy\" decoding=\"async\" width=\"1024\" height=\"712\" src=\"https:\/\/renta-e-bike.si\/wp-content\/uploads\/2023\/06\/rent-a-bike-piran-1024x712.jpg\" alt=\"\" class=\"wp-image-111\" srcset=\"https:\/\/renta-e-bike.si\/si\/wp-content\/uploads\/2023\/06\/rent-a-bike-piran-1024x712.jpg 1024w, https:\/\/renta-e-bike.si\/si\/wp-content\/uploads\/2023\/06\/rent-a-bike-piran-300x209.jpg 300w, https:\/\/renta-e-bike.si\/si\/wp-content\/uploads\/2023\/06\/rent-a-bike-piran-768x534.jpg 768w, https:\/\/renta-e-bike.si\/si\/wp-content\/uploads\/2023\/06\/rent-a-bike-piran-1536x1068.jpg 1536w, https:\/\/renta-e-bike.si\/si\/wp-content\/uploads\/2023\/06\/rent-a-bike-piran-2048x1425.jpg 2048w\" sizes=\"auto, (max-width: 1024px) 100vw, 1024px\" \/><\/figure>\n<\/div><\/div><\/div>\n","protected":false},"excerpt":{"rendered":"","protected":false},"author":1,"featured_media":0,"parent":0,"menu_order":0,"comment_status":"closed","ping_status":"closed","template":"page-templates\/blocks.php","meta":{"_genesis_hide_title":false,"_genesis_hide_breadcrumbs":false,"_genesis_hide_singular_image":false,"_genesis_hide_footer_widgets":false,"_genesis_custom_body_class":"","_genesis_custom_post_class":"","_genesis_layout":"","footnotes":""},"class_list":{"0":"post-5","1":"page","2":"type-page","3":"status-publish","5":"entry","6":"has-post-thumbnail"},"featured_image_src":null,"featured_image_src_square":null,"_links":{"self":[{"href":"https:\/\/renta-e-bike.si\/si\/wp-json\/wp\/v2\/pages\/5","targetHints":{"allow":["GET"]}}],"collection":[{"href":"https:\/\/renta-e-bike.si\/si\/wp-json\/wp\/v2\/pages"}],"about":[{"href":"https:\/\/renta-e-bike.si\/si\/wp-json\/wp\/v2\/types\/page"}],"author":[{"embeddable":true,"href":"https:\/\/renta-e-bike.si\/si\/wp-json\/wp\/v2\/users\/1"}],"replies":[{"embeddable":true,"href":"https:\/\/renta-e-bike.si\/si\/wp-json\/wp\/v2\/comments?post=5"}],"version-history":[{"count":6,"href":"https:\/\/renta-e-bike.si\/si\/wp-json\/wp\/v2\/pages\/5\/revisions"}],"predecessor-version":[{"id":132,"href":"https:\/\/renta-e-bike.si\/si\/wp-json\/wp\/v2\/pages\/5\/revisions\/132"}],"wp:attachment":[{"href":"https:\/\/renta-e-bike.si\/si\/wp-json\/wp\/v2\/media?parent=5"}],"curies":[{"name":"wp","href":"https:\/\/api.w.org\/{rel}","templated":true}]}}