{"id":7,"date":"2023-06-13T08:18:15","date_gmt":"2023-06-13T08:18:15","guid":{"rendered":"https:\/\/renta-e-bike.si\/about-us\/"},"modified":"2025-05-26T11:05:19","modified_gmt":"2025-05-26T11:05:19","slug":"about","status":"publish","type":"page","link":"https:\/\/renta-e-bike.si\/si\/about\/","title":{"rendered":"O nas"},"content":{"rendered":"\n<div class=\"wp-block-columns alignwide has-2-columns is-layout-flex wp-container-core-columns-is-layout-9d6595d7 wp-block-columns-is-layout-flex\">\n<div class=\"wp-block-column is-layout-flow wp-block-column-is-layout-flow\">\n<h2 class=\"wp-block-heading\"><\/h2>\n\n\n\n<p>Smo agencija za izposojo in popravilo koles. Na\u0161a glavna to\u010dka za izposojo je na Bernardinu (med Portoro\u017eem in Piranom) <\/p>\n\n\n\n<p>Nudimo izposojo koles in e-koles na naslednjih lokacijah:<\/p>\n\n\n\n<ul class=\"wp-block-list\">\n<li>Bernardin (Hotel Histrion, pri marini)<\/li>\n\n\n\n<li>Camp Lucija (recepcija)<\/li>\n\n\n\n<li>Hotel Fiesa<\/li>\n\n\n\n<li>San Simon Izola <strong>(samo po dogovoru v naprej)<\/strong><\/li>\n<\/ul>\n\n\n\n<p><strong>Priporo\u010damo, da nas pokli\u010dete v naprej in naredite rezervacijo. <\/strong><\/p>\n<\/div>\n\n\n\n<div class=\"wp-block-column is-layout-flow wp-block-column-is-layout-flow\">\n<h2 class=\"wp-block-heading has-text-align-right\" id=\"mce_9\">Kontakt<\/h2>\n\n\n\n<p class=\"has-text-align-right\">Klic: <a href=\"tel:+38670111112\">+38670111112<\/a><\/p>\n\n\n\n<p class=\"has-text-align-right\">E-mail: <a href=\"mailto:doc.biking@gmail.com\">doc.biking@gmail.com<\/a><\/p>\n\n\n\n<p class=\"has-text-align-right\"><a href=\"https:\/\/wa.me\/38670111112?text=Hello.%20I%20would%20like%20to%20rent%20a%20bike.%20Can%20you%20tell%20me%20more%3F\" data-type=\"URL\" data-id=\"https:\/\/wa.me\/38670111112?text=Hello.%20I%20would%20like%20to%20rent%20a%20bike.%20Can%20you%20tell%20me%20more%3F\">Whatsapp kliknite tukaj<\/a> <\/p>\n\n\n\n<p>Podatki o nas:<\/p>\n\n\n\n<p>Potaplja\u0161ko dru\u0161tvo Sharky<br>C. solinarjev 2, 6320 Portoro\u017e<\/p>\n\n\n\n<p>D.\u0160.: 63987015<\/p>\n\n\n\n<p>Nismo zavezanci za DDV. Ta interent sran ne uporablja pi\u0161kotkov za sledenje in ne shranjuje osebnih podatkov.<\/p>\n<\/div>\n<\/div>\n","protected":false},"excerpt":{"rendered":"<p>Smo agencija za izposojo in popravilo koles. Na\u0161a glavna to\u010dka za izposojo je na Bernardinu (med Portoro\u017eem in Piranom) Nudimo izposojo koles in e-koles na naslednjih lokacijah: Priporo\u010damo, da nas pokli\u010dete v naprej in naredite rezervacijo. Kontakt Klic: +38670111112 E-mail: doc.biking@gmail.com Whatsapp kliknite tukaj Podatki o nas: Potaplja\u0161ko dru\u0161tvo SharkyC. solinarjev 2, 6320 Portoro\u017e D.\u0160.: [&hellip;]<\/p>\n","protected":false},"author":1,"featured_media":31,"parent":0,"menu_order":0,"comment_status":"closed","ping_status":"closed","template":"","meta":{"_genesis_hide_title":false,"_genesis_hide_breadcrumbs":false,"_genesis_hide_singular_image":false,"_genesis_hide_footer_widgets":false,"_genesis_custom_body_class":"","_genesis_custom_post_class":"","_genesis_layout":"full-width-content","footnotes":""},"class_list":{"0":"post-7","1":"page","2":"type-page","3":"status-publish","4":"has-post-thumbnail","6":"entry"},"featured_image_src":"https:\/\/renta-e-bike.si\/si\/wp-content\/uploads\/2023\/06\/logo-600x400.png","featured_image_src_square":"https:\/\/renta-e-bike.si\/si\/wp-content\/uploads\/2023\/06\/logo-600x600.png","_links":{"self":[{"href":"https:\/\/renta-e-bike.si\/si\/wp-json\/wp\/v2\/pages\/7","targetHints":{"allow":["GET"]}}],"collection":[{"href":"https:\/\/renta-e-bike.si\/si\/wp-json\/wp\/v2\/pages"}],"about":[{"href":"https:\/\/renta-e-bike.si\/si\/wp-json\/wp\/v2\/types\/page"}],"author":[{"embeddable":true,"href":"https:\/\/renta-e-bike.si\/si\/wp-json\/wp\/v2\/users\/1"}],"replies":[{"embeddable":true,"href":"https:\/\/renta-e-bike.si\/si\/wp-json\/wp\/v2\/comments?post=7"}],"version-history":[{"count":5,"href":"https:\/\/renta-e-bike.si\/si\/wp-json\/wp\/v2\/pages\/7\/revisions"}],"predecessor-version":[{"id":141,"href":"https:\/\/renta-e-bike.si\/si\/wp-json\/wp\/v2\/pages\/7\/revisions\/141"}],"wp:featuredmedia":[{"embeddable":true,"href":"https:\/\/renta-e-bike.si\/si\/wp-json\/wp\/v2\/media\/31"}],"wp:attachment":[{"href":"https:\/\/renta-e-bike.si\/si\/wp-json\/wp\/v2\/media?parent=7"}],"curies":[{"name":"wp","href":"https:\/\/api.w.org\/{rel}","templated":true}]}}